{"id":13,"date":"2023-02-18T15:08:51","date_gmt":"2023-02-18T14:08:51","guid":{"rendered":"https:\/\/iaforall.net\/?page_id=13"},"modified":"2023-11-11T07:50:58","modified_gmt":"2023-11-11T06:50:58","slug":"tutoriels-diaforall-net","status":"publish","type":"page","link":"https:\/\/iaforall.net\/?page_id=13","title":{"rendered":"Tutoriels d&rsquo;IAforAll.NET"},"content":{"rendered":"\n<p>Vous \u00eates \u00e0 la recherche de ressources pour apprendre \u00e0 utiliser l&rsquo;intelligence artificielle de mani\u00e8re efficace et responsable ? Alors, vous \u00eates au bon endroit lol !<\/p>\n\n\n\n<figure class=\"wp-block-image size-large\"><img loading=\"lazy\" decoding=\"async\" width=\"1024\" height=\"585\" src=\"https:\/\/iaforall.net\/wp-content\/uploads\/2023\/11\/DALL\u00b7E-2023-11-11-10.47.26-A-hyper-detailed-16_9-format-illustration-for-a-web-page-about-AI-tutorials.-The-image-features-a-diverse-group-of-people-engaging-with-various-AI-tec-1024x585.png\" alt=\"\" class=\"wp-image-387\" srcset=\"https:\/\/iaforall.net\/wp-content\/uploads\/2023\/11\/DALL\u00b7E-2023-11-11-10.47.26-A-hyper-detailed-16_9-format-illustration-for-a-web-page-about-AI-tutorials.-The-image-features-a-diverse-group-of-people-engaging-with-various-AI-tec-1024x585.png 1024w, https:\/\/iaforall.net\/wp-content\/uploads\/2023\/11\/DALL\u00b7E-2023-11-11-10.47.26-A-hyper-detailed-16_9-format-illustration-for-a-web-page-about-AI-tutorials.-The-image-features-a-diverse-group-of-people-engaging-with-various-AI-tec-300x171.png 300w, https:\/\/iaforall.net\/wp-content\/uploads\/2023\/11\/DALL\u00b7E-2023-11-11-10.47.26-A-hyper-detailed-16_9-format-illustration-for-a-web-page-about-AI-tutorials.-The-image-features-a-diverse-group-of-people-engaging-with-various-AI-tec-768x439.png 768w, https:\/\/iaforall.net\/wp-content\/uploads\/2023\/11\/DALL\u00b7E-2023-11-11-10.47.26-A-hyper-detailed-16_9-format-illustration-for-a-web-page-about-AI-tutorials.-The-image-features-a-diverse-group-of-people-engaging-with-various-AI-tec-1536x878.png 1536w, https:\/\/iaforall.net\/wp-content\/uploads\/2023\/11\/DALL\u00b7E-2023-11-11-10.47.26-A-hyper-detailed-16_9-format-illustration-for-a-web-page-about-AI-tutorials.-The-image-features-a-diverse-group-of-people-engaging-with-various-AI-tec.png 1792w\" sizes=\"auto, (max-width: 1024px) 100vw, 1024px\" \/><\/figure>\n\n\n\n<p>Notre page Tutoriels est con\u00e7ue pour fournir des informations  sur les diff\u00e9rents types d&rsquo;IA, les technologies cl\u00e9s et les outils les plus importants pour vous aider \u00e0 d\u00e9velopper vos comp\u00e9tences en mati\u00e8re d&rsquo;IA.<\/p>\n\n\n\n<p>Notre objectif est de vous aider \u00e0 comprendre les concepts de base de l&rsquo;IA et \u00e0 mettre en \u0153uvre ces techniques dans vos projets personnels ou professionnels. Nous voulons \u00e9galement vous montrer comment utiliser ces technologies de mani\u00e8re \u00e9thique et responsable, en prenant en compte les cons\u00e9quences potentielles sur la soci\u00e9t\u00e9 et la vie priv\u00e9e.<\/p>\n\n\n\n<p><\/p>\n\n\n<style>.kb-row-layout-id13_e117a8-00 > .kt-row-column-wrap{align-content:start;}:where(.kb-row-layout-id13_e117a8-00 > .kt-row-column-wrap) > .wp-block-kadence-column{justify-content:start;}.kb-row-layout-id13_e117a8-00 > .kt-row-column-wrap{column-gap:var(--global-kb-gap-md, 2rem);row-gap:var(--global-kb-gap-md, 2rem);padding-top:var(--global-kb-spacing-sm, 1.5rem);padding-bottom:var(--global-kb-spacing-sm, 1.5rem);grid-template-columns:minmax(0, 1fr);}.kb-row-layout-id13_e117a8-00 > .kt-row-layout-overlay{opacity:0.30;}@media all and (max-width: 1024px){.kb-row-layout-id13_e117a8-00 > .kt-row-column-wrap{grid-template-columns:minmax(0, 1fr);}}@media all and (max-width: 767px){.kb-row-layout-id13_e117a8-00 > .kt-row-column-wrap{grid-template-columns:minmax(0, 1fr);}}<\/style><div class=\"kb-row-layout-wrap kb-row-layout-id13_e117a8-00 alignnone wp-block-kadence-rowlayout\"><div class=\"kt-row-column-wrap kt-has-1-columns kt-row-layout-equal kt-tab-layout-inherit kt-mobile-layout-row kt-row-valign-top\">\n<style>.kadence-column13_a1aa56-2d > .kt-inside-inner-col,.kadence-column13_a1aa56-2d > .kt-inside-inner-col:before{border-top-left-radius:0px;border-top-right-radius:0px;border-bottom-right-radius:0px;border-bottom-left-radius:0px;}.kadence-column13_a1aa56-2d > .kt-inside-inner-col{column-gap:var(--global-kb-gap-sm, 1rem);}.kadence-column13_a1aa56-2d > .kt-inside-inner-col{flex-direction:column;}.kadence-column13_a1aa56-2d > .kt-inside-inner-col > .aligncenter{width:100%;}.kadence-column13_a1aa56-2d > .kt-inside-inner-col:before{opacity:0.3;}.kadence-column13_a1aa56-2d{position:relative;}@media all and (max-width: 1024px){.kadence-column13_a1aa56-2d > .kt-inside-inner-col{flex-direction:column;justify-content:center;}}@media all and (max-width: 767px){.kadence-column13_a1aa56-2d > .kt-inside-inner-col{flex-direction:column;justify-content:center;}}<\/style>\n<div class=\"wp-block-kadence-column kadence-column13_a1aa56-2d inner-column-1\"><div class=\"kt-inside-inner-col\">\n<div class=\"wp-block-group has-pale-ocean-gradient-background has-background\"><div class=\"wp-block-group__inner-container is-layout-constrained wp-block-group-is-layout-constrained\">\n<p>Comment acc\u00e9der \u00e0 la plate-forme ChatGPT : une guide pour les d\u00e9butants : <\/p>\n\n\n\n<p>Bienvenue sur notre tutoriel pour acc\u00e9der \u00e0 l&rsquo;intelligence artificielle ChatGPT, dont tout le monde parle en ce moment. Il existe actuellement trois fa\u00e7ons d&rsquo;acc\u00e9der \u00e0 cette plateforme :<\/p>\n\n\n\n<ol class=\"wp-block-list\">\n<li>En se connectant sur le site d&rsquo;OpenAI<\/li>\n\n\n\n<li>En acc\u00e9dant au Playground d&rsquo;OpenAI<\/li>\n\n\n\n<li>En se connectant \u00e0 New Bing, mais il est n\u00e9cessaire de s&rsquo;inscrire sur une liste d&rsquo;attente pour pouvoir acc\u00e9der \u00e0 cette version qui est connect\u00e9e \u00e0 Internet, mais qui est malheureusement de plus en plus limit\u00e9e. \u00c0 ce jour, un fil de discussion ne peut pas contenir plus de 5 questions.<\/li>\n<\/ol>\n\n\n\n<p>Il est \u00e0 noter que ChatGPT est \u00e9galement disponible en version payante pour 20 dollars par mois. OpenAI proposera bient\u00f4t une version payante pour ceux qui souhaitent avoir acc\u00e8s \u00e0 des fonctionnalit\u00e9s suppl\u00e9mentaires. Cependant, il existe d\u00e9j\u00e0 une version gratuite de ChatGPT qui peut \u00eatre utilis\u00e9e par tout le monde.<\/p>\n<\/div><\/div>\n\n\n\n<p> <\/p>\n\n\n\n<p><\/p>\n<\/div><\/div>\n\n<\/div><\/div>","protected":false},"excerpt":{"rendered":"<p>Vous \u00eates \u00e0 la recherche de ressources pour apprendre \u00e0 utiliser l&rsquo;intelligence artificielle de mani\u00e8re efficace et responsable ? Alors, vous \u00eates au bon endroit lol ! Notre page Tutoriels est con\u00e7ue pour fournir des informations sur les diff\u00e9rents types d&rsquo;IA, les technologies cl\u00e9s et les outils les plus importants pour vous aider \u00e0 d\u00e9velopper&#8230;<\/p>\n","protected":false},"author":1,"featured_media":0,"parent":0,"menu_order":0,"comment_status":"closed","ping_status":"closed","template":"","meta":{"_kadence_starter_templates_imported_post":false,"_kad_post_transparent":"","_kad_post_title":"","_kad_post_layout":"","_kad_post_sidebar_id":"","_kad_post_content_style":"","_kad_post_vertical_padding":"","_kad_post_feature":"","_kad_post_feature_position":"","_kad_post_header":false,"_kad_post_footer":false,"_kad_post_classname":"","footnotes":""},"class_list":["post-13","page","type-page","status-publish","hentry"],"_links":{"self":[{"href":"https:\/\/iaforall.net\/index.php?rest_route=\/wp\/v2\/pages\/13","targetHints":{"allow":["GET"]}}],"collection":[{"href":"https:\/\/iaforall.net\/index.php?rest_route=\/wp\/v2\/pages"}],"about":[{"href":"https:\/\/iaforall.net\/index.php?rest_route=\/wp\/v2\/types\/page"}],"author":[{"embeddable":true,"href":"https:\/\/iaforall.net\/index.php?rest_route=\/wp\/v2\/users\/1"}],"replies":[{"embeddable":true,"href":"https:\/\/iaforall.net\/index.php?rest_route=%2Fwp%2Fv2%2Fcomments&post=13"}],"version-history":[{"count":5,"href":"https:\/\/iaforall.net\/index.php?rest_route=\/wp\/v2\/pages\/13\/revisions"}],"predecessor-version":[{"id":388,"href":"https:\/\/iaforall.net\/index.php?rest_route=\/wp\/v2\/pages\/13\/revisions\/388"}],"wp:attachment":[{"href":"https:\/\/iaforall.net\/index.php?rest_route=%2Fwp%2Fv2%2Fmedia&parent=13"}],"curies":[{"name":"wp","href":"https:\/\/api.w.org\/{rel}","templated":true}]}}