{"id":2,"date":"2023-02-16T14:17:47","date_gmt":"2023-02-16T13:17:47","guid":{"rendered":"http:\/\/iaforall.net\/?page_id=2"},"modified":"2023-11-11T07:29:59","modified_gmt":"2023-11-11T06:29:59","slug":"page-d-exemple","status":"publish","type":"page","link":"https:\/\/iaforall.net\/?page_id=2","title":{"rendered":"\u00c0 propos de nous"},"content":{"rendered":"\n<p>Bienvenue sur notre site d\u00e9di\u00e9 \u00e0 <a href=\"https:\/\/iaforall.net\/?page_id=8\">l\u2019actualit\u00e9 de l\u2019intelligence artificielle<\/a>. Nous croyons que cette technologie puissante devrait \u00eatre accessible \u00e0 tous et utilis\u00e9e de mani\u00e8re responsable et \u00e9thique. Notre mission est de fournir des informations concentr\u00e9es sur le d\u00e9veloppement de l\u2019IA, ainsi que de sensibiliser la population \u00e0 l\u2019importance de veiller \u00e0 ce que <strong>ces outils b\u00e9n\u00e9ficient \u00e0 tous et ne soient pas limit\u00e9s \u00e0 l\u2019usage d\u2019\u00e9lite<\/strong>. <\/p>\n\n\n\n<figure class=\"wp-block-image size-large\"><img loading=\"lazy\" decoding=\"async\" width=\"1024\" height=\"585\" src=\"https:\/\/iaforall.net\/wp-content\/uploads\/2023\/11\/DALL\u00b7E-2023-11-11-10.28.31-A-family-of-four-with-a-man-a-woman-and-two-adolescent-children-one-aged-15-and-the-other-12-is-standing-together-in-a-futuristic-cityscape.-This-1024x585.png\" alt=\"\" class=\"wp-image-379\" srcset=\"https:\/\/iaforall.net\/wp-content\/uploads\/2023\/11\/DALL\u00b7E-2023-11-11-10.28.31-A-family-of-four-with-a-man-a-woman-and-two-adolescent-children-one-aged-15-and-the-other-12-is-standing-together-in-a-futuristic-cityscape.-This-1024x585.png 1024w, https:\/\/iaforall.net\/wp-content\/uploads\/2023\/11\/DALL\u00b7E-2023-11-11-10.28.31-A-family-of-four-with-a-man-a-woman-and-two-adolescent-children-one-aged-15-and-the-other-12-is-standing-together-in-a-futuristic-cityscape.-This-300x171.png 300w, https:\/\/iaforall.net\/wp-content\/uploads\/2023\/11\/DALL\u00b7E-2023-11-11-10.28.31-A-family-of-four-with-a-man-a-woman-and-two-adolescent-children-one-aged-15-and-the-other-12-is-standing-together-in-a-futuristic-cityscape.-This-768x439.png 768w, https:\/\/iaforall.net\/wp-content\/uploads\/2023\/11\/DALL\u00b7E-2023-11-11-10.28.31-A-family-of-four-with-a-man-a-woman-and-two-adolescent-children-one-aged-15-and-the-other-12-is-standing-together-in-a-futuristic-cityscape.-This-1536x878.png 1536w, https:\/\/iaforall.net\/wp-content\/uploads\/2023\/11\/DALL\u00b7E-2023-11-11-10.28.31-A-family-of-four-with-a-man-a-woman-and-two-adolescent-children-one-aged-15-and-the-other-12-is-standing-together-in-a-futuristic-cityscape.-This.png 1792w\" sizes=\"auto, (max-width: 1024px) 100vw, 1024px\" \/><\/figure>\n\n\n\n<p>Rejoignez-nous dans ce voyage pour explorer les derni\u00e8res tendances et d\u00e9veloppements en mati\u00e8re d\u2019IA, et pour discuter des enjeux \u00e9thiques li\u00e9s \u00e0 l\u2019utilisation de cette technologie. <strong>Ensemble, nous pouvons veiller \u00e0 ce que l\u2019IA soit utilis\u00e9e de mani\u00e8re responsable et inclusive pour le b\u00e9n\u00e9fice de tous<\/strong>.<\/p>\n\n\n\n<p>Notre \u00e9quipe, compos\u00e9e pour le moment de deux personnes passionn\u00e9es par les nouvelles technologies et l&rsquo;IA, est d\u00e9termin\u00e9e \u00e0 am\u00e9liorer la qualit\u00e9 de nos articles et \u00e0 les rendre pertinents pour nos lecteurs en utilisant tous les outils d&rsquo;IA \u00e0 notre disposition. Nous sommes des amateurs et ceci est notre premier site web, mais nous croyons que l&rsquo;IA peut \u00eatre un alli\u00e9 pr\u00e9cieux pour la r\u00e9daction de nos sujets et nous comptons sur elle pour nous aider \u00e0 atteindre nos objectifs.<\/p>\n\n\n\n<blockquote class=\"wp-block-quote is-layout-flow wp-block-quote-is-layout-flow\">\n<p><\/p>\n\n\n\n<p><\/p>\n\n\n\n<p><\/p>\n\n\n\n<p><\/p>\n<\/blockquote>\n","protected":false},"excerpt":{"rendered":"<p>Bienvenue sur notre site d\u00e9di\u00e9 \u00e0 l\u2019actualit\u00e9 de l\u2019intelligence artificielle. Nous croyons que cette technologie puissante devrait \u00eatre accessible \u00e0 tous et utilis\u00e9e de mani\u00e8re responsable et \u00e9thique. Notre mission est de fournir des informations concentr\u00e9es sur le d\u00e9veloppement de l\u2019IA, ainsi que de sensibiliser la population \u00e0 l\u2019importance de veiller \u00e0 ce que ces&#8230;<\/p>\n","protected":false},"author":1,"featured_media":0,"parent":0,"menu_order":0,"comment_status":"closed","ping_status":"open","template":"","meta":{"_kadence_starter_templates_imported_post":false,"_kad_post_transparent":"","_kad_post_title":"","_kad_post_layout":"","_kad_post_sidebar_id":"","_kad_post_content_style":"","_kad_post_vertical_padding":"","_kad_post_feature":"","_kad_post_feature_position":"","_kad_post_header":false,"_kad_post_footer":false,"_kad_post_classname":"","footnotes":""},"class_list":["post-2","page","type-page","status-publish","hentry"],"_links":{"self":[{"href":"https:\/\/iaforall.net\/index.php?rest_route=\/wp\/v2\/pages\/2","targetHints":{"allow":["GET"]}}],"collection":[{"href":"https:\/\/iaforall.net\/index.php?rest_route=\/wp\/v2\/pages"}],"about":[{"href":"https:\/\/iaforall.net\/index.php?rest_route=\/wp\/v2\/types\/page"}],"author":[{"embeddable":true,"href":"https:\/\/iaforall.net\/index.php?rest_route=\/wp\/v2\/users\/1"}],"replies":[{"embeddable":true,"href":"https:\/\/iaforall.net\/index.php?rest_route=%2Fwp%2Fv2%2Fcomments&post=2"}],"version-history":[{"count":3,"href":"https:\/\/iaforall.net\/index.php?rest_route=\/wp\/v2\/pages\/2\/revisions"}],"predecessor-version":[{"id":380,"href":"https:\/\/iaforall.net\/index.php?rest_route=\/wp\/v2\/pages\/2\/revisions\/380"}],"wp:attachment":[{"href":"https:\/\/iaforall.net\/index.php?rest_route=%2Fwp%2Fv2%2Fmedia&parent=2"}],"curies":[{"name":"wp","href":"https:\/\/api.w.org\/{rel}","templated":true}]}}