{"id":26,"date":"2023-02-18T15:06:53","date_gmt":"2023-02-18T14:06:53","guid":{"rendered":"https:\/\/iaforall.net\/?page_id=26"},"modified":"2023-11-11T07:43:59","modified_gmt":"2023-11-11T06:43:59","slug":"le-monde-selon-ihdad","status":"publish","type":"page","link":"https:\/\/iaforall.net\/?page_id=26","title":{"rendered":"Le monde selon IHDad"},"content":{"rendered":"\n<p>Bienvenue sur la page \u00ab\u00a0Le monde selon IHDad\u00a0\u00bb, o\u00f9 <strong>IHDad partage son point de vue personnel <\/strong>sur les derni\u00e8res \u00e9volutions technologiques, mais pas que&#8230; <\/p>\n\n\n\n<figure class=\"wp-block-image size-large\"><img loading=\"lazy\" decoding=\"async\" width=\"1024\" height=\"585\" src=\"https:\/\/iaforall.net\/wp-content\/uploads\/2023\/11\/DALL\u00b7E-2023-11-11-10.43.25-Create-a-photorealistic-image-that-depicts-a-mature-man-in-his-early-40s-with-a-very-short-military-buzz-cut-hairstyle-featuring-salt-and-pepper-hai-1024x585.png\" alt=\"\" class=\"wp-image-382\" srcset=\"https:\/\/iaforall.net\/wp-content\/uploads\/2023\/11\/DALL\u00b7E-2023-11-11-10.43.25-Create-a-photorealistic-image-that-depicts-a-mature-man-in-his-early-40s-with-a-very-short-military-buzz-cut-hairstyle-featuring-salt-and-pepper-hai-1024x585.png 1024w, https:\/\/iaforall.net\/wp-content\/uploads\/2023\/11\/DALL\u00b7E-2023-11-11-10.43.25-Create-a-photorealistic-image-that-depicts-a-mature-man-in-his-early-40s-with-a-very-short-military-buzz-cut-hairstyle-featuring-salt-and-pepper-hai-300x171.png 300w, https:\/\/iaforall.net\/wp-content\/uploads\/2023\/11\/DALL\u00b7E-2023-11-11-10.43.25-Create-a-photorealistic-image-that-depicts-a-mature-man-in-his-early-40s-with-a-very-short-military-buzz-cut-hairstyle-featuring-salt-and-pepper-hai-768x439.png 768w, https:\/\/iaforall.net\/wp-content\/uploads\/2023\/11\/DALL\u00b7E-2023-11-11-10.43.25-Create-a-photorealistic-image-that-depicts-a-mature-man-in-his-early-40s-with-a-very-short-military-buzz-cut-hairstyle-featuring-salt-and-pepper-hai-1536x878.png 1536w, https:\/\/iaforall.net\/wp-content\/uploads\/2023\/11\/DALL\u00b7E-2023-11-11-10.43.25-Create-a-photorealistic-image-that-depicts-a-mature-man-in-his-early-40s-with-a-very-short-military-buzz-cut-hairstyle-featuring-salt-and-pepper-hai.png 1792w\" sizes=\"auto, (max-width: 1024px) 100vw, 1024px\" \/><\/figure>\n\n\n\n<p>Je suis un passionn\u00e9 des nouvelles technologies et je suis persuad\u00e9 que l&rsquo;intelligence artificielle est l&rsquo;une des plus grandes d\u00e9couvertes de l&rsquo;humanit\u00e9. J&rsquo;ai suivi de pr\u00e8s les d\u00e9veloppements dans ce domaine depuis de nombreuses ann\u00e9es et je vous offre ainsi une vision unique de l\u2019avenir de l\u2019IA et de son impact sur notre monde. <\/p>\n\n\n\n<p>Sur cette page, vous d\u00e9couvrirez mes r\u00e9flexions sur les nouvelles tendances en mati\u00e8re d&rsquo;IA, ainsi que mon analyse des d\u00e9fis et des opportunit\u00e9s que ces d\u00e9veloppements pr\u00e9sentent. J&rsquo;aborderai \u00e9galement des sujets plus personnels, tels que ses opinions sur la vie en g\u00e9n\u00e9ral et sur les enjeux sociaux actuels.<\/p>\n\n\n\n<p>Rejoignez-nous sur cette page pour d\u00e9couvrir la vision de IHDad sur le monde d&rsquo;aujourd&rsquo;hui et demain, et pour partager vos propres r\u00e9flexions et opinions.<\/p>\n\n\n\n<p><a href=\"https:\/\/tome.app\/avra-e65\/explorer-le-monde-selon-ihdad-lavenir-de-lia-clejucghe040s8po6ezw67bq1\">https:\/\/tome.app\/avra-e65\/explorer-le-monde-selon-ihdad-lavenir-de-lia-clejucghe040s8po6ezw67bq1<\/a><\/p>\n\n\n<style>.kb-row-layout-id26_095c92-fb > .kt-row-column-wrap{align-content:start;}:where(.kb-row-layout-id26_095c92-fb > .kt-row-column-wrap) > .wp-block-kadence-column{justify-content:start;}.kb-row-layout-id26_095c92-fb > .kt-row-column-wrap{column-gap:var(--global-kb-gap-md, 2rem);row-gap:var(--global-kb-gap-md, 2rem);padding-top:var(--global-kb-spacing-sm, 1.5rem);padding-bottom:var(--global-kb-spacing-sm, 1.5rem);grid-template-columns:minmax(0, 2fr) minmax(0, 1fr);}.kb-row-layout-id26_095c92-fb > .kt-row-layout-overlay{opacity:0.30;}@media all and (max-width: 1024px){.kb-row-layout-id26_095c92-fb > .kt-row-column-wrap{grid-template-columns:minmax(0, 2fr) minmax(0, 1fr);}}@media all and (max-width: 767px){.kb-row-layout-id26_095c92-fb > .kt-row-column-wrap{grid-template-columns:minmax(0, 1fr);}}<\/style><div class=\"kb-row-layout-wrap kb-row-layout-id26_095c92-fb alignnone wp-block-kadence-rowlayout\"><div class=\"kt-row-column-wrap kt-has-2-columns kt-row-layout-left-golden kt-tab-layout-inherit kt-mobile-layout-row kt-row-valign-top\">\n<style>.kadence-column26_b7a24a-f2 > .kt-inside-inner-col,.kadence-column26_b7a24a-f2 > .kt-inside-inner-col:before{border-top-left-radius:0px;border-top-right-radius:0px;border-bottom-right-radius:0px;border-bottom-left-radius:0px;}.kadence-column26_b7a24a-f2 > .kt-inside-inner-col{column-gap:var(--global-kb-gap-sm, 1rem);}.kadence-column26_b7a24a-f2 > .kt-inside-inner-col{flex-direction:column;}.kadence-column26_b7a24a-f2 > .kt-inside-inner-col > .aligncenter{width:100%;}.kadence-column26_b7a24a-f2 > .kt-inside-inner-col:before{opacity:0.3;}.kadence-column26_b7a24a-f2{position:relative;}@media all and (max-width: 1024px){.kadence-column26_b7a24a-f2 > .kt-inside-inner-col{flex-direction:column;justify-content:center;}}@media all and (max-width: 767px){.kadence-column26_b7a24a-f2 > .kt-inside-inner-col{flex-direction:column;justify-content:center;}}<\/style>\n<div class=\"wp-block-kadence-column kadence-column26_b7a24a-f2 inner-column-1\"><div class=\"kt-inside-inner-col\">\n<div class=\"wp-block-group has-pale-ocean-gradient-background has-background\"><div class=\"wp-block-group__inner-container is-layout-constrained wp-block-group-is-layout-constrained\">\n<p><strong>\u00ab\u00a0Le monde id\u00e9al selon IHDad : une vision optimiste des avanc\u00e9es technologiques\u00a0\u00bb<\/strong><\/p>\n\n\n\n<div class=\"wp-block-group\"><div class=\"wp-block-group__inner-container is-layout-constrained wp-block-group-is-layout-constrained\">\n<p>Dans cet article, je souhaite partager ma vision id\u00e9aliste des avanc\u00e9es technologiques et leur impact sur notre vie quotidienne. Je crois que chaque nouvelle technologie a pour but d<strong>&lsquo;am\u00e9liorer la vie de l&rsquo;homme<\/strong>, en lui permettant de gagner du temps et en facilitant sa vie.<\/p>\n<\/div><\/div>\n\n\n\n<p>Mon monde id\u00e9al est un monde o\u00f9 chacun peut <strong>manger \u00e0 sa faim<\/strong>, b\u00e9n\u00e9ficier d&rsquo;un toit sur sa t\u00eate pour <strong>se reposer dans le calme<\/strong>. C&rsquo;est un monde dans lequel seuls ceux qui le souhaitent travailleraient, car je suis convaincu que ce monde est constructible. C&rsquo;est un monde dans lequel chacun peut <strong>penser ce qu&rsquo;il veut<\/strong> et <strong>s&rsquo;exprimer librement<\/strong>, <strong>sans tabous<\/strong>, mais avec <strong>plus de rigueur envers ceux qui ne respectent pas les lois<\/strong>. C&rsquo;est un monde o\u00f9 <strong>le peuple agit directement sur le pouvoir et les d\u00e9cisions politiques<\/strong>, et o\u00f9 les lois ne prot\u00e8gent pas seulement les puissants.<\/p>\n\n\n\n<p>Je r\u00eave d&rsquo;un monde avec <strong>moins de mensonges<\/strong> et <strong>plus d&rsquo;honn\u00eatet\u00e9<\/strong>, surtout de la part des personnes dirigeantes que nous mettons au pouvoir. Et je pense que <strong>l&rsquo;intelligence artificiell<\/strong>e, utilis\u00e9e de mani\u00e8re \u00e9thique, pourrait<strong> acc\u00e9l\u00e9rer la cr\u00e9ation de ce monde id\u00e9al<\/strong>. Cependant, il ne suffit pas d&rsquo;avoir une technologie puissante, il faut aussi des personnes qui militent activement pour ce monde id\u00e9al pour qu&rsquo;il puisse se r\u00e9aliser.<\/p>\n\n\n\n<p>En conclusion, je vous invite \u00e0 partager votre vision d&rsquo;un monde id\u00e9al et \u00e0 r\u00e9fl\u00e9chir \u00e0 la fa\u00e7on dont nous pouvons utiliser les technologies pour y parvenir. <strong>N&rsquo;oublions pas que l&rsquo;intelligence artificielle peut \u00eatre un outil puissant pour am\u00e9liorer notre monde, mais c&rsquo;est \u00e0 nous de nous assurer qu&rsquo;elle soit utilis\u00e9e de mani\u00e8re responsable et \u00e9thique.<\/strong><\/p>\n\n\n\n<p><a href=\"https:\/\/tome.app\/avra-e65\/le-monde-ideal-selon-ihdad-une-vision-optimiste-des-avancees-technologiques-clejuo36z01vg4n418jca0ek4\">https:\/\/tome.app\/avra-e65\/le-monde-ideal-selon-ihdad-une-vision-optimiste-des-avancees-technologiques-clejuo36z01vg4n418jca0ek4<\/a><\/p>\n\n\n\n<p><\/p>\n<\/div><\/div>\n<\/div><\/div>\n\n\n<style>.kadence-column26_5b8c37-04 > .kt-inside-inner-col,.kadence-column26_5b8c37-04 > .kt-inside-inner-col:before{border-top-left-radius:0px;border-top-right-radius:0px;border-bottom-right-radius:0px;border-bottom-left-radius:0px;}.kadence-column26_5b8c37-04 > .kt-inside-inner-col{column-gap:var(--global-kb-gap-sm, 1rem);}.kadence-column26_5b8c37-04 > .kt-inside-inner-col{flex-direction:column;}.kadence-column26_5b8c37-04 > .kt-inside-inner-col > .aligncenter{width:100%;}.kadence-column26_5b8c37-04 > .kt-inside-inner-col:before{opacity:0.3;}.kadence-column26_5b8c37-04{position:relative;}@media all and (max-width: 1024px){.kadence-column26_5b8c37-04 > .kt-inside-inner-col{flex-direction:column;justify-content:center;}}@media all and (max-width: 767px){.kadence-column26_5b8c37-04 > .kt-inside-inner-col{flex-direction:column;justify-content:center;}}<\/style>\n<div class=\"wp-block-kadence-column kadence-column26_5b8c37-04 inner-column-2\"><div class=\"kt-inside-inner-col\"><style>.kb-block-show-more-container26_5807b0-1a > .kb-show-more-sr-excerpt{position:absolute;width:1px;height:1px;margin:-1px;overflow:hidden;clip:rect(0, 0, 0, 0);white-space:nowrap;}.kb-block-show-more-container26_5807b0-1a > .wp-block-kadence-advancedbtn{margin-top:1em;}.kb-block-show-more-container26_5807b0-1a > .wp-block-kadence-advancedbtn .kt-btn-wrap:nth-child(2), .kb-block-show-more-container26_5807b0-1a > .wp-block-kadence-advancedbtn .wp-block-kadence-singlebtn:nth-of-type(2){display:none;}.kb-block-show-more-container26_5807b0-1a > .wp-block-kadence-column{max-height:250px;overflow-y:hidden;}.kb-block-show-more-container26_5807b0-1a.kb-smc-open > .wp-block-kadence-column{max-height:none;-webkit-mask-image:none;mask-image:none;overflow-y:unset;}.kb-block-show-more-container26_5807b0-1a.kb-smc-open > .wp-block-kadence-advancedbtn .kt-btn-wrap:nth-child(1), .kb-block-show-more-container26_5807b0-1a.kb-smc-open > .wp-block-kadence-advancedbtn .wp-block-kadence-singlebtn:nth-of-type(1){display:none;}.kb-block-show-more-container26_5807b0-1a.kb-smc-open > .wp-block-kadence-advancedbtn .kt-btn-wrap:nth-child(2), .kb-block-show-more-container26_5807b0-1a.kb-smc-open > .wp-block-kadence-advancedbtn .wp-block-kadence-singlebtn:nth-of-type(2){display:inline-flex;}.kb-block-show-more-container26_5807b0-1a.kb-smc-open > .wp-block-kadence-advancedbtn.kt-force-btn-fullwidth .kt-btn-wrap:nth-child(2){display:block;}<\/style>\n<div class=\"wp-block-kadence-show-more kb-block-show-more-container kb-block-show-more-container26_5807b0-1a\"><div class=\"kb-show-more-sr-excerpt\" aria-live=\"polite\" aria-atomic=\"true\"><\/div><style>.kadence-column26_54ab38-35 > .kt-inside-inner-col,.kadence-column26_54ab38-35 > .kt-inside-inner-col:before{border-top-left-radius:0px;border-top-right-radius:0px;border-bottom-right-radius:0px;border-bottom-left-radius:0px;}.kadence-column26_54ab38-35 > .kt-inside-inner-col{column-gap:var(--global-kb-gap-sm, 1rem);}.kadence-column26_54ab38-35 > .kt-inside-inner-col{flex-direction:column;}.kadence-column26_54ab38-35 > .kt-inside-inner-col > .aligncenter{width:100%;}.kadence-column26_54ab38-35 > .kt-inside-inner-col:before{opacity:0.3;}.kadence-column26_54ab38-35{position:relative;}@media all and (max-width: 1024px){.kadence-column26_54ab38-35 > .kt-inside-inner-col{flex-direction:column;justify-content:center;}}@media all and (max-width: 767px){.kadence-column26_54ab38-35 > .kt-inside-inner-col{flex-direction:column;justify-content:center;}}<\/style>\n<div class=\"wp-block-kadence-column kadence-column26_54ab38-35 inner-column-1 kb-show-more-content\"><div class=\"kt-inside-inner-col\"><style>.kb-image26_efa2de-d5.kb-image-is-ratio-size, .kb-image26_efa2de-d5 .kb-image-is-ratio-size{max-width:339px;width:100%;}.wp-block-kadence-column > .kt-inside-inner-col > .kb-image26_efa2de-d5.kb-image-is-ratio-size, .wp-block-kadence-column > .kt-inside-inner-col > .kb-image26_efa2de-d5 .kb-image-is-ratio-size{align-self:unset;}.kb-image26_efa2de-d5{max-width:339px;}.image-is-svg.kb-image26_efa2de-d5{-webkit-flex:0 1 100%;flex:0 1 100%;}.image-is-svg.kb-image26_efa2de-d5 img{width:100%;}.kb-image26_efa2de-d5 .kb-image-has-overlay:after{opacity:0.3;}<\/style>\n<figure class=\"wp-block-kadence-image kb-image26_efa2de-d5 size-large kb-image-is-ratio-size\"><div class=\"kb-is-ratio-image kb-image-ratio-port23\"><img loading=\"lazy\" decoding=\"async\" width=\"683\" height=\"1024\" src=\"http:\/\/iaforall.net\/wp-content\/uploads\/2023\/02\/a-ultra-realistic-render-of-a-modern-bio-architecture-in-a-beautiful-beach-golden-hour-cinemat-840452369-683x1024.png\" alt=\"\" class=\"kb-img wp-image-106\" srcset=\"https:\/\/iaforall.net\/wp-content\/uploads\/2023\/02\/a-ultra-realistic-render-of-a-modern-bio-architecture-in-a-beautiful-beach-golden-hour-cinemat-840452369-683x1024.png 683w, https:\/\/iaforall.net\/wp-content\/uploads\/2023\/02\/a-ultra-realistic-render-of-a-modern-bio-architecture-in-a-beautiful-beach-golden-hour-cinemat-840452369-200x300.png 200w, https:\/\/iaforall.net\/wp-content\/uploads\/2023\/02\/a-ultra-realistic-render-of-a-modern-bio-architecture-in-a-beautiful-beach-golden-hour-cinemat-840452369-768x1152.png 768w, https:\/\/iaforall.net\/wp-content\/uploads\/2023\/02\/a-ultra-realistic-render-of-a-modern-bio-architecture-in-a-beautiful-beach-golden-hour-cinemat-840452369-1024x1536.png 1024w, https:\/\/iaforall.net\/wp-content\/uploads\/2023\/02\/a-ultra-realistic-render-of-a-modern-bio-architecture-in-a-beautiful-beach-golden-hour-cinemat-840452369-1365x2048.png 1365w, https:\/\/iaforall.net\/wp-content\/uploads\/2023\/02\/a-ultra-realistic-render-of-a-modern-bio-architecture-in-a-beautiful-beach-golden-hour-cinemat-840452369.png 2048w\" sizes=\"auto, (max-width: 683px) 100vw, 683px\" \/><\/div><\/figure>\n<\/div><\/div>\n\n\n<style>.wp-block-kadence-advancedbtn.kb-btnsbutton-one-1{gap:var(--global-kb-gap-xs, 0.5rem );justify-content:flex-start;align-items:center;}.kt-btnsbutton-one-1 .kt-button{font-weight:normal;font-style:normal;}<\/style>\n<div class=\"wp-block-kadence-advancedbtn kb-buttons-wrap kb-btnsbutton-one-1 kb-show-more-buttons\"><style>ul.menu .wp-block-kadence-advancedbtn .kb-btn26_5b49e1-aa.kb-button{width:initial;}<\/style><span class=\"kb-button kt-button button kb-btn26_5b49e1-aa kt-btn-size-small kt-btn-width-type-auto kb-btn-global-inherit  kt-btn-has-text-true kt-btn-has-svg-false  wp-block-button__link wp-block-kadence-singlebtn\"><span class=\"kt-btn-inner-text\">Show More<\/span><\/span>\n\n<style>ul.menu .wp-block-kadence-advancedbtn .kb-btn26_6fe7a3-c4.kb-button{width:initial;}<\/style><span class=\"kb-button kt-button button kb-btn26_6fe7a3-c4 kt-btn-size-small kt-btn-width-type-auto kb-btn-global-inherit  kt-btn-has-text-true kt-btn-has-svg-false  wp-block-button__link wp-block-kadence-singlebtn\"><span class=\"kt-btn-inner-text\">Show Less<\/span><\/span><\/div>\n<\/div>\n<\/div><\/div>\n\n<\/div><\/div>\n\n<style>.kb-block-show-more-container26_9202f2-38 > .kb-show-more-sr-excerpt{position:absolute;width:1px;height:1px;margin:-1px;overflow:hidden;clip:rect(0, 0, 0, 0);white-space:nowrap;}.kb-block-show-more-container26_9202f2-38 > .wp-block-kadence-advancedbtn{margin-top:1em;}.kb-block-show-more-container26_9202f2-38 > .wp-block-kadence-advancedbtn .kt-btn-wrap:nth-child(2), .kb-block-show-more-container26_9202f2-38 > .wp-block-kadence-advancedbtn .wp-block-kadence-singlebtn:nth-of-type(2){display:none;}.kb-block-show-more-container26_9202f2-38 > .wp-block-kadence-column{max-height:250px;overflow-y:hidden;}.kb-block-show-more-container26_9202f2-38.kb-smc-open > .wp-block-kadence-column{max-height:none;-webkit-mask-image:none;mask-image:none;overflow-y:unset;}.kb-block-show-more-container26_9202f2-38.kb-smc-open > .wp-block-kadence-advancedbtn .kt-btn-wrap:nth-child(1), .kb-block-show-more-container26_9202f2-38.kb-smc-open > .wp-block-kadence-advancedbtn .wp-block-kadence-singlebtn:nth-of-type(1){display:none;}.kb-block-show-more-container26_9202f2-38.kb-smc-open > .wp-block-kadence-advancedbtn .kt-btn-wrap:nth-child(2), .kb-block-show-more-container26_9202f2-38.kb-smc-open > .wp-block-kadence-advancedbtn .wp-block-kadence-singlebtn:nth-of-type(2){display:inline-flex;}.kb-block-show-more-container26_9202f2-38.kb-smc-open > .wp-block-kadence-advancedbtn.kt-force-btn-fullwidth .kt-btn-wrap:nth-child(2){display:block;}<\/style>\n<div class=\"wp-block-kadence-show-more kb-block-show-more-container kb-block-show-more-container26_9202f2-38\"><div class=\"kb-show-more-sr-excerpt\" aria-live=\"polite\" aria-atomic=\"true\"><\/div><style>.kadence-column26_209bc8-f1 > .kt-inside-inner-col,.kadence-column26_209bc8-f1 > .kt-inside-inner-col:before{border-top-left-radius:0px;border-top-right-radius:0px;border-bottom-right-radius:0px;border-bottom-left-radius:0px;}.kadence-column26_209bc8-f1 > .kt-inside-inner-col{column-gap:var(--global-kb-gap-sm, 1rem);}.kadence-column26_209bc8-f1 > .kt-inside-inner-col{flex-direction:column;}.kadence-column26_209bc8-f1 > .kt-inside-inner-col > .aligncenter{width:100%;}.kadence-column26_209bc8-f1 > .kt-inside-inner-col:before{opacity:0.3;}.kadence-column26_209bc8-f1{position:relative;}@media all and (max-width: 1024px){.kadence-column26_209bc8-f1 > .kt-inside-inner-col{flex-direction:column;justify-content:center;}}@media all and (max-width: 767px){.kadence-column26_209bc8-f1 > .kt-inside-inner-col{flex-direction:column;justify-content:center;}}<\/style>\n<div class=\"wp-block-kadence-column kadence-column26_209bc8-f1 inner-column-1 kb-show-more-content\"><div class=\"kt-inside-inner-col\"><ul class=\"wp-block-latest-posts__list wp-block-latest-posts\"><li><a class=\"wp-block-latest-posts__post-title\" href=\"https:\/\/iaforall.net\/?p=849\">Comment un assistant IA peut aider une famille au quotidien sans remplacer l&rsquo;humain<\/a><\/li>\n<li><a class=\"wp-block-latest-posts__post-title\" href=\"https:\/\/iaforall.net\/?p=848\">Pourquoi Comet\/Perplexity change la recherche web face &agrave; Google classique<\/a><\/li>\n<li><a class=\"wp-block-latest-posts__post-title\" href=\"https:\/\/iaforall.net\/?p=847\">Xiaomi vs Apple : les vrais avantages de Xiaomi pour un utilisateur moderne<\/a><\/li>\n<li><a class=\"wp-block-latest-posts__post-title\" href=\"https:\/\/iaforall.net\/?p=821\">Le futur de l\u2019IA n\u2019est plus le chatbot : ce sont les agents capables d\u2019agir<\/a><\/li>\n<li><a class=\"wp-block-latest-posts__post-title\" href=\"https:\/\/iaforall.net\/?p=820\">Installer un agent IA sur un vieux PC Windows : Herm\u00e8s, VRAM et m\u00e9moire unifi\u00e9e expliqu\u00e9es<\/a><\/li>\n<\/ul><\/div><\/div>\n\n\n<style>.wp-block-kadence-advancedbtn.kb-btns26_7529bc-91{gap:var(--global-kb-gap-xs, 0.5rem );justify-content:flex-start;align-items:center;}.kt-btns26_7529bc-91 .kt-button{font-weight:normal;font-style:normal;}<\/style>\n<div class=\"wp-block-kadence-advancedbtn kb-buttons-wrap kb-btns26_7529bc-91 kb-show-more-buttons\"><style>ul.menu .wp-block-kadence-advancedbtn .kb-btn26_6c2165-4a.kb-button{width:initial;}<\/style><span class=\"kb-button kt-button button kb-btn26_6c2165-4a kt-btn-size-small kt-btn-width-type-auto kb-btn-global-inherit  kt-btn-has-text-true kt-btn-has-svg-false  wp-block-button__link wp-block-kadence-singlebtn\"><span class=\"kt-btn-inner-text\">Show More<\/span><\/span>\n\n<style>ul.menu .wp-block-kadence-advancedbtn .kb-btn26_37e127-4e.kb-button{width:initial;}<\/style><span class=\"kb-button kt-button button kb-btn26_37e127-4e kt-btn-size-small kt-btn-width-type-auto kb-btn-global-inherit  kt-btn-has-text-true kt-btn-has-svg-false  wp-block-button__link wp-block-kadence-singlebtn\"><span class=\"kt-btn-inner-text\">Show Less<\/span><\/span><\/div>\n<\/div>\n\n\n\n<div class=\"wp-block-comments\">\n\n\n\n\n\n\t<div id=\"respond\" class=\"comment-respond wp-block-post-comments-form\">\n\t\t<h3 id=\"reply-title\" class=\"comment-reply-title\">Laisser un commentaire <small><a rel=\"nofollow\" id=\"cancel-comment-reply-link\" href=\"\/index.php?rest_route=%2Fwp%2Fv2%2Fpages%2F26#respond\" style=\"display:none;\">Annuler la r\u00e9ponse<\/a><\/small><\/h3><form action=\"https:\/\/iaforall.net\/wp-comments-post.php\" method=\"post\" id=\"commentform\" class=\"comment-form\"><p class=\"comment-notes\"><span id=\"email-notes\">Votre adresse e-mail ne sera pas publi\u00e9e.<\/span> <span class=\"required-field-message\">Les champs obligatoires sont indiqu\u00e9s avec <span class=\"required\">*<\/span><\/span><\/p><p class=\"comment-form-comment comment-form-float-label\"><textarea id=\"comment\" name=\"comment\" placeholder=\"Laissez un commentaire...\" cols=\"45\" rows=\"8\" maxlength=\"65525\" aria-required=\"true\" required=\"required\"><\/textarea><label class=\"float-label\" for=\"comment\">Commentaire <span class=\"required\">*<\/span><\/label><\/p><div class=\"comment-input-wrap has-url-field\"><p class=\"comment-form-author\"><input aria-label=\"Nom\" id=\"author\" name=\"author\" type=\"text\" placeholder=\"John Doe\" value=\"\" size=\"30\" maxlength=\"245\" aria-required='true' required='required' \/><label class=\"float-label\" for=\"author\">Nom <span class=\"required\">*<\/span><\/label><\/p>\n<p class=\"comment-form-email\"><input aria-label=\"E-mail\" id=\"email\" name=\"email\" type=\"email\" placeholder=\"john@example.com\" value=\"\" size=\"30\" maxlength=\"100\" aria-describedby=\"email-notes\" aria-required='true' required='required' \/><label class=\"float-label\" for=\"email\">E-mail <span class=\"required\">*<\/span><\/label><\/p>\n<p class=\"comment-form-url\"><input aria-label=\"Site\" id=\"url\" name=\"url\" type=\"url\" placeholder=\"https:\/\/www.example.com\" value=\"\" size=\"30\" maxlength=\"200\" \/><label class=\"float-label\" for=\"url\">Site<\/label><\/p><\/div>\n<p class=\"comment-form-cookies-consent\"><input id=\"wp-comment-cookies-consent\" name=\"wp-comment-cookies-consent\" type=\"checkbox\" value=\"yes\" \/> <label for=\"wp-comment-cookies-consent\">Enregistrer mon nom, mon e-mail et mon site dans le navigateur pour mon prochain commentaire.<\/label><\/p>\n<p class=\"form-submit\"><input name=\"submit\" type=\"submit\" id=\"submit\" class=\"submit\" value=\"Laisser un commentaire\" \/> <input type='hidden' name='comment_post_ID' value='26' id='comment_post_ID' \/>\n<input type='hidden' name='comment_parent' id='comment_parent' value='0' \/>\n<\/p><\/form>\t<\/div><!-- #respond -->\n\t<\/div>\n","protected":false},"excerpt":{"rendered":"<p>Bienvenue sur la page \u00ab\u00a0Le monde selon IHDad\u00a0\u00bb, o\u00f9 IHDad partage son point de vue personnel sur les derni\u00e8res \u00e9volutions technologiques, mais pas que&#8230; Je suis un passionn\u00e9 des nouvelles technologies et je suis persuad\u00e9 que l&rsquo;intelligence artificielle est l&rsquo;une des plus grandes d\u00e9couvertes de l&rsquo;humanit\u00e9. J&rsquo;ai suivi de pr\u00e8s les d\u00e9veloppements dans ce domaine&#8230;<\/p>\n","protected":false},"author":1,"featured_media":0,"parent":0,"menu_order":0,"comment_status":"open","ping_status":"closed","template":"","meta":{"_kadence_starter_templates_imported_post":false,"_kad_post_transparent":"","_kad_post_title":"","_kad_post_layout":"","_kad_post_sidebar_id":"","_kad_post_content_style":"","_kad_post_vertical_padding":"","_kad_post_feature":"","_kad_post_feature_position":"","_kad_post_header":false,"_kad_post_footer":false,"_kad_post_classname":"","footnotes":""},"class_list":["post-26","page","type-page","status-publish","hentry"],"_links":{"self":[{"href":"https:\/\/iaforall.net\/index.php?rest_route=\/wp\/v2\/pages\/26","targetHints":{"allow":["GET"]}}],"collection":[{"href":"https:\/\/iaforall.net\/index.php?rest_route=\/wp\/v2\/pages"}],"about":[{"href":"https:\/\/iaforall.net\/index.php?rest_route=\/wp\/v2\/types\/page"}],"author":[{"embeddable":true,"href":"https:\/\/iaforall.net\/index.php?rest_route=\/wp\/v2\/users\/1"}],"replies":[{"embeddable":true,"href":"https:\/\/iaforall.net\/index.php?rest_route=%2Fwp%2Fv2%2Fcomments&post=26"}],"version-history":[{"count":14,"href":"https:\/\/iaforall.net\/index.php?rest_route=\/wp\/v2\/pages\/26\/revisions"}],"predecessor-version":[{"id":383,"href":"https:\/\/iaforall.net\/index.php?rest_route=\/wp\/v2\/pages\/26\/revisions\/383"}],"wp:attachment":[{"href":"https:\/\/iaforall.net\/index.php?rest_route=%2Fwp%2Fv2%2Fmedia&parent=26"}],"curies":[{"name":"wp","href":"https:\/\/api.w.org\/{rel}","templated":true}]}}