{"id":425,"date":"2023-11-18T15:27:51","date_gmt":"2023-11-18T14:27:51","guid":{"rendered":"https:\/\/iaforall.net\/?page_id=425"},"modified":"2023-11-30T16:42:20","modified_gmt":"2023-11-30T15:42:20","slug":"visions-actuelles-la-galerie-ai-du-monde-dihdad","status":"publish","type":"page","link":"https:\/\/iaforall.net\/?page_id=425","title":{"rendered":"Visions Actuelles: La Galerie AI du Monde d&rsquo;IHDad"},"content":{"rendered":"\n<p>Cette galerie unique est un espace o\u00f9 l&rsquo;art et l&rsquo;actualit\u00e9 se rencontrent. Ici, je pr\u00e9sente une <strong>collection d&rsquo;\u0153uvres d&rsquo;art g\u00e9n\u00e9r\u00e9es par intelligence artificielle<\/strong>, chacune refl\u00e9tant un aspect significatif de l&rsquo;actualit\u00e9 mondiale. Ces cr\u00e9ations ne sont pas seulement des images ; elles sont des <strong>r\u00e9cits visuels<\/strong>, des <strong>r\u00e9flexions sur les \u00e9v\u00e9nements qui fa\u00e7onnent notre monde<\/strong>. De la c\u00e9l\u00e9bration des moments joyeux aux r\u00e9flexions sur des enjeux plus complexes, chaque \u0153uvre est un miroir de notre r\u00e9alit\u00e9, offrant une perspective nouvelle et profond\u00e9ment humaine sur les \u00e9v\u00e9nements qui nous entourent. Explorez ces expressions artistiques, o\u00f9 la technologie rencontre l&rsquo;\u00e9motion, pour d\u00e9couvrir une v<strong>ision du monde selon IHDad<\/strong>, vue \u00e0 travers <strong>le prisme de l&rsquo;art<\/strong> et de l&rsquo;<strong>intelligence artificielle<\/strong>.<\/p>\n\n\n\n<figure class=\"wp-block-image size-full\"><img loading=\"lazy\" decoding=\"async\" width=\"1792\" height=\"1024\" src=\"https:\/\/iaforall.net\/wp-content\/uploads\/2023\/11\/image-49.png\" alt=\"\" class=\"wp-image-589\" srcset=\"https:\/\/iaforall.net\/wp-content\/uploads\/2023\/11\/image-49.png 1792w, https:\/\/iaforall.net\/wp-content\/uploads\/2023\/11\/image-49-300x171.png 300w, https:\/\/iaforall.net\/wp-content\/uploads\/2023\/11\/image-49-1024x585.png 1024w, https:\/\/iaforall.net\/wp-content\/uploads\/2023\/11\/image-49-768x439.png 768w, https:\/\/iaforall.net\/wp-content\/uploads\/2023\/11\/image-49-1536x878.png 1536w\" sizes=\"auto, (max-width: 1792px) 100vw, 1792px\" \/><\/figure>\n\n\n\n<figure class=\"wp-block-image size-large\"><img loading=\"lazy\" decoding=\"async\" width=\"1024\" height=\"585\" src=\"https:\/\/iaforall.net\/wp-content\/uploads\/2023\/11\/image-13-1024x585.png\" alt=\"\" class=\"wp-image-437\" style=\"aspect-ratio:16\/9;object-fit:cover\" srcset=\"https:\/\/iaforall.net\/wp-content\/uploads\/2023\/11\/image-13-1024x585.png 1024w, https:\/\/iaforall.net\/wp-content\/uploads\/2023\/11\/image-13-300x171.png 300w, https:\/\/iaforall.net\/wp-content\/uploads\/2023\/11\/image-13-768x439.png 768w, https:\/\/iaforall.net\/wp-content\/uploads\/2023\/11\/image-13-1536x878.png 1536w, https:\/\/iaforall.net\/wp-content\/uploads\/2023\/11\/image-13.png 1792w\" sizes=\"auto, (max-width: 1024px) 100vw, 1024px\" \/><\/figure>\n\n\n\n<figure class=\"wp-block-gallery has-nested-images columns-default is-cropped wp-block-gallery-1 is-layout-flex wp-block-gallery-is-layout-flex\">\n<figure class=\"wp-block-image size-large\"><img loading=\"lazy\" decoding=\"async\" width=\"1024\" height=\"585\" data-id=\"426\" src=\"https:\/\/iaforall.net\/wp-content\/uploads\/2023\/11\/image-11-1024x585.png\" alt=\"\" class=\"wp-image-426\" srcset=\"https:\/\/iaforall.net\/wp-content\/uploads\/2023\/11\/image-11-1024x585.png 1024w, https:\/\/iaforall.net\/wp-content\/uploads\/2023\/11\/image-11-300x171.png 300w, https:\/\/iaforall.net\/wp-content\/uploads\/2023\/11\/image-11-768x439.png 768w, https:\/\/iaforall.net\/wp-content\/uploads\/2023\/11\/image-11-1536x878.png 1536w, https:\/\/iaforall.net\/wp-content\/uploads\/2023\/11\/image-11.png 1792w\" sizes=\"auto, (max-width: 1024px) 100vw, 1024px\" \/><\/figure>\n<\/figure>\n\n\n\n<p><\/p>\n\n\n\n<figure class=\"wp-block-image size-large\"><img loading=\"lazy\" decoding=\"async\" width=\"1024\" height=\"585\" src=\"https:\/\/iaforall.net\/wp-content\/uploads\/2023\/11\/image-15-1024x585.png\" alt=\"\" class=\"wp-image-441\" style=\"aspect-ratio:16\/9;object-fit:cover\" srcset=\"https:\/\/iaforall.net\/wp-content\/uploads\/2023\/11\/image-15-1024x585.png 1024w, https:\/\/iaforall.net\/wp-content\/uploads\/2023\/11\/image-15-300x171.png 300w, https:\/\/iaforall.net\/wp-content\/uploads\/2023\/11\/image-15-768x439.png 768w, https:\/\/iaforall.net\/wp-content\/uploads\/2023\/11\/image-15-1536x878.png 1536w, https:\/\/iaforall.net\/wp-content\/uploads\/2023\/11\/image-15.png 1792w\" sizes=\"auto, (max-width: 1024px) 100vw, 1024px\" \/><\/figure>\n\n\n\n<figure class=\"wp-block-image size-large\"><img loading=\"lazy\" decoding=\"async\" width=\"1024\" height=\"585\" src=\"https:\/\/iaforall.net\/wp-content\/uploads\/2023\/11\/image-12-1024x585.png\" alt=\"\" class=\"wp-image-433\" style=\"aspect-ratio:16\/9;object-fit:cover\" srcset=\"https:\/\/iaforall.net\/wp-content\/uploads\/2023\/11\/image-12-1024x585.png 1024w, https:\/\/iaforall.net\/wp-content\/uploads\/2023\/11\/image-12-300x171.png 300w, https:\/\/iaforall.net\/wp-content\/uploads\/2023\/11\/image-12-768x439.png 768w, https:\/\/iaforall.net\/wp-content\/uploads\/2023\/11\/image-12-1536x878.png 1536w, https:\/\/iaforall.net\/wp-content\/uploads\/2023\/11\/image-12.png 1792w\" sizes=\"auto, (max-width: 1024px) 100vw, 1024px\" \/><\/figure>\n","protected":false},"excerpt":{"rendered":"<p>Cette galerie unique est un espace o\u00f9 l&rsquo;art et l&rsquo;actualit\u00e9 se rencontrent. Ici, je pr\u00e9sente une collection d&rsquo;\u0153uvres d&rsquo;art g\u00e9n\u00e9r\u00e9es par intelligence artificielle, chacune refl\u00e9tant un aspect significatif de l&rsquo;actualit\u00e9 mondiale. Ces cr\u00e9ations ne sont pas seulement des images ; elles sont des r\u00e9cits visuels, des r\u00e9flexions sur les \u00e9v\u00e9nements qui fa\u00e7onnent notre monde. De&#8230;<\/p>\n","protected":false},"author":1,"featured_media":0,"parent":0,"menu_order":0,"comment_status":"closed","ping_status":"closed","template":"","meta":{"_kadence_starter_templates_imported_post":false,"_kad_post_transparent":"","_kad_post_title":"","_kad_post_layout":"","_kad_post_sidebar_id":"","_kad_post_content_style":"","_kad_post_vertical_padding":"","_kad_post_feature":"","_kad_post_feature_position":"","_kad_post_header":false,"_kad_post_footer":false,"_kad_post_classname":"","footnotes":""},"class_list":["post-425","page","type-page","status-publish","hentry"],"_links":{"self":[{"href":"https:\/\/iaforall.net\/index.php?rest_route=\/wp\/v2\/pages\/425","targetHints":{"allow":["GET"]}}],"collection":[{"href":"https:\/\/iaforall.net\/index.php?rest_route=\/wp\/v2\/pages"}],"about":[{"href":"https:\/\/iaforall.net\/index.php?rest_route=\/wp\/v2\/types\/page"}],"author":[{"embeddable":true,"href":"https:\/\/iaforall.net\/index.php?rest_route=\/wp\/v2\/users\/1"}],"replies":[{"embeddable":true,"href":"https:\/\/iaforall.net\/index.php?rest_route=%2Fwp%2Fv2%2Fcomments&post=425"}],"version-history":[{"count":7,"href":"https:\/\/iaforall.net\/index.php?rest_route=\/wp\/v2\/pages\/425\/revisions"}],"predecessor-version":[{"id":590,"href":"https:\/\/iaforall.net\/index.php?rest_route=\/wp\/v2\/pages\/425\/revisions\/590"}],"wp:attachment":[{"href":"https:\/\/iaforall.net\/index.php?rest_route=%2Fwp%2Fv2%2Fmedia&parent=425"}],"curies":[{"name":"wp","href":"https:\/\/api.w.org\/{rel}","templated":true}]}}